{"id":1255,"date":"2022-03-04T13:20:24","date_gmt":"2022-03-04T11:20:24","guid":{"rendered":"https:\/\/kmg-transport.com\/?page_id=1255"},"modified":"2022-03-04T15:12:49","modified_gmt":"2022-03-04T13:12:49","slug":"cmr","status":"publish","type":"page","link":"https:\/\/kmg-transport.com\/de\/cmr\/","title":{"rendered":"CMR-VERSICHERUNG"},"content":{"rendered":"<p>[vc_row full_width=&#8220;stretch_row&#8220; css_animation=&#8220;none&#8220;][vc_column css=&#8220;.vc_custom_1642761194666{padding-top: 40px !important;}&#8220;][vc_separator color=&#8220;custom&#8220; align=&#8220;align_left&#8220; accent_color=&#8220;#606060&#8243;][vc_column_text]<\/p>\n<h3 style=\"text-align: left;\">CMR-VERSICHERUNG<\/h3>\n<p>[\/vc_column_text][vc_separator color=&#8220;custom&#8220; align=&#8220;align_left&#8220; accent_color=&#8220;#606060&#8243;][\/vc_column][\/vc_row][vc_row full_width=&#8220;stretch_row&#8220; css_animation=&#8220;none&#8220; css=&#8220;.vc_custom_1643019534541{padding-top: 0px !important;padding-bottom: 0px !important;}&#8220;][vc_column width=&#8220;1\/2&#8243; css=&#8220;.vc_custom_1642761194666{padding-top: 40px !important;}&#8220;][vc_single_image image=&#8220;1100&#8243; img_size=&#8220;full&#8220; alignment=&#8220;center&#8220;][\/vc_column][vc_column width=&#8220;1\/2&#8243; css=&#8220;.vc_custom_1643018208681{padding-top: 40px !important;padding-bottom: 40px !important;}&#8220;][vc_column_text]<\/p>\n<h3>Der Transportsektor ist besonders anspruchsvoll, weil jeder Kunde, jede Ladung und die Bef\u00f6rderungsart unterschiedlich ist. Wir bieten Versicherungsschutz sowohl w\u00e4hrend des Stra\u00dfentransports innerhalb Griechenlands als auch bei den internationalen Bef\u00f6rderungen im Ausland.<\/h3>\n<h4>F\u00fcr die internationalen Transporte wird eine CMR-Versicherung \u2013 Haftpflichtversicherung angeboten, die jegliche eventuell auftauchende Haftpflicht wegen Sachsch\u00e4den oder Verlusten der bef\u00f6rderten Waren gem\u00e4\u00df den Bestimmungen und Voraussetzungen der Internationalen Vereinbarung \u00fcber Bef\u00f6rderungsvertr\u00e4ge auf Stra\u00dfen (CMR) abdeckt.<\/h4>\n<p>[\/vc_column_text][\/vc_column][\/vc_row][vc_row full_width=&#8220;stretch_row&#8220; css_animation=&#8220;none&#8220; css=&#8220;.vc_custom_1643194816603{padding-top: 60px !important;padding-bottom: 0px !important;}&#8220;][vc_column css=&#8220;.vc_custom_1642761194666{padding-top: 40px !important;}&#8220;][vc_column_text]<\/p>\n<h3 style=\"text-align: center;\">Nationale und internationale Transporte in Griechenland.<br \/>\n30 Jahre Erfahrung im Bereich der Verk\u00e4ufe und Transporte!<\/h3>\n<p>[\/vc_column_text][vc_btn title=&#8220;\u039a\u039f\u039d\u03a4\u0391\u039a\u03a4&#8220; style=&#8220;outline-custom&#8220; outline_custom_color=&#8220;#f26829&#8243; outline_custom_hover_background=&#8220;&#8220; outline_custom_hover_text=&#8220;#ffffff&#8220; shape=&#8220;round&#8220; align=&#8220;center&#8220; i_align=&#8220;right&#8220; i_icon_fontawesome=&#8220;fas fa-caret-right&#8220; add_icon=&#8220;true&#8220; link=&#8220;url:https%3A%2F%2Fkmg-transport.com%2Fkontakt%2F%3Flang%3Dde|title:%CE%9A%CE%9F%CE%9D%CE%A4%CE%91%CE%9A%CE%A4&#8243;][vc_column_text]<\/p>\n<h4 style=\"text-align: center;\">Kontakttelefon: +30 26820 22039<\/h4>\n<p>[\/vc_column_text][\/vc_column][\/vc_row][vc_row full_width=&#8220;stretch_row&#8220; css_animation=&#8220;none&#8220; css=&#8220;.vc_custom_1643019530187{padding-top: 60px !important;padding-bottom: 0px !important;}&#8220;][vc_column css=&#8220;.vc_custom_1642761194666{padding-top: 40px !important;}&#8220;][vc_column_text]<\/p>\n<h3 style=\"text-align: left;\">der Stadtplan<\/h3>\n<p>[\/vc_column_text][vc_separator color=&#8220;custom&#8220; align=&#8220;align_left&#8220; accent_color=&#8220;#606060&#8243; css=&#8220;.vc_custom_1642783672046{margin-top: -20px !important;}&#8220;][\/vc_column][\/vc_row][vc_row full_width=&#8220;stretch_row&#8220; css=&#8220;.vc_custom_1643192357166{padding-top: 40px !important;padding-bottom: 60px !important;}&#8220;][vc_column][vc_gmaps link=&#8220;#E-8_JTNDaWZyYW1lJTIwc3JjJTNEJTIyaHR0cHMlM0ElMkYlMkZ3d3cuZ29vZ2xlLmNvbSUyRm1hcHMlMkZlbWJlZCUzRnBiJTNEJTIxMW0xOCUyMTFtMTIlMjExbTMlMjExZDEyNDA2LjAzOTE3MjYyMTgwMiUyMTJkMjAuNzM1NzU1MzUxNjY3ODglMjEzZDM4Ljk4MDg2MDAyMjkyMzg3JTIxMm0zJTIxMWYwJTIxMmYwJTIxM2YwJTIxM20yJTIxMWkxMDI0JTIxMmk3NjglMjE0ZjEzLjElMjEzbTMlMjExbTIlMjExczB4MTM1YzM4Y2Y5ZTViNTg0MyUyNTNBMHhjNTJkZWNhYjgwZWIyNGQ2JTIxMnp6cFBPbXM2ZnpxRE9sODZqSU02YXpxbk9uYzZqenFUT2tjNmR6cVRPbWM2ZHpwX09vdyUyMTVlMCUyMTNtMiUyMTFzZWwlMjEyc2dyJTIxNHYxNjQzMDQ5MTU1Nzk5JTIxNW0yJTIxMXNlbCUyMTJzZ3IlMjIlMjB3aWR0aCUzRCUyMjYwMCUyMiUyMGhlaWdodCUzRCUyMjQ1MCUyMiUyMHN0eWxlJTNEJTIyYm9yZGVyJTNBMCUzQiUyMiUyMGFsbG93ZnVsbHNjcmVlbiUzRCUyMiUyMiUyMGxvYWRpbmclM0QlMjJsYXp5JTIyJTNFJTNDJTJGaWZyYW1lJTNF&#8220;][\/vc_column][\/vc_row][vc_row][vc_column][vc_separator color=&#8220;custom&#8220; align=&#8220;align_left&#8220; accent_color=&#8220;#606060&#8243; css=&#8220;.vc_custom_1642783672046{margin-top: -20px !important;}&#8220;][vc_row_inner css=&#8220;.vc_custom_1643109254341{padding-top: 60px !important;padding-bottom: 60px !important;}&#8220;][vc_column_inner width=&#8220;1\/4&#8243;][vc_single_image image=&#8220;1058&#8243; img_size=&#8220;full&#8220;][\/vc_column_inner][vc_column_inner width=&#8220;1\/4&#8243;][vc_column_text]<\/p>\n<h4>L. Ioanninon 416<\/h4>\n<h4>48100, Preveza, Griechenland<\/h4>\n<p>[\/vc_column_text][\/vc_column_inner][vc_column_inner width=&#8220;1\/4&#8243;][vc_column_text]<\/p>\n<h3>info@kmg-transport.com<\/h3>\n<h4>Tel.: 2682022039<\/h4>\n<p>[\/vc_column_text][\/vc_column_inner][vc_column_inner width=&#8220;1\/4&#8243;][vc_btn title=&#8220;Transportformular&#8220; style=&#8220;outline-custom&#8220; outline_custom_color=&#8220;#f26829&#8243; outline_custom_hover_background=&#8220;&#8220; outline_custom_hover_text=&#8220;#ffffff&#8220; shape=&#8220;round&#8220; align=&#8220;right&#8220; i_align=&#8220;right&#8220; i_icon_fontawesome=&#8220;fas fa-caret-right&#8220; add_icon=&#8220;true&#8220; link=&#8220;url:https%3A%2F%2Fkmg-transport.com%2Ftransportformular%2F%3Flang%3Dde|title:Transportformular&#8220;][\/vc_column_inner][\/vc_row_inner][vc_separator color=&#8220;custom&#8220; align=&#8220;align_left&#8220; accent_color=&#8220;#606060&#8243; css=&#8220;.vc_custom_1642783672046{margin-top: -20px !important;}&#8220;][vc_row_inner css=&#8220;.vc_custom_1643109340808{padding-top: 20px !important;padding-bottom: 0px !important;}&#8220;][vc_column_inner width=&#8220;1\/4&#8243;][vc_column_text]<\/p>\n<p style=\"color: #ffffff; font-size: 12px;\">Copyright KMG TRANSPORT<\/p>\n<p>[\/vc_column_text][\/vc_column_inner][vc_column_inner width=&#8220;1\/4&#8243;][\/vc_column_inner][vc_column_inner width=&#8220;1\/4&#8243;][vc_column_text]<a style=\"color: #ffffff; font-size: 12px;\" href=\"https:\/\/kmg-transport.com\/private\">Privacy Policy<\/a>[\/vc_column_text][\/vc_column_inner][vc_column_inner width=&#8220;1\/4&#8243;][vc_column_text]<a style=\"color: #ffffff; font-size: 12px;\" href=\"https:\/\/www.iframe.gr\/\">Design by iframe<\/a>[\/vc_column_text][\/vc_column_inner][\/vc_row_inner][\/vc_column][\/vc_row]<\/p>\n","protected":false},"excerpt":{"rendered":"<p>[vc_row full_width=&#8220;stretch_row&#8220; css_animation=&#8220;none&#8220;][vc_column css=&#8220;.vc_custom_1642761194666{padding-top: 40px !important;}&#8220;][vc_separator color=&#8220;custom&#8220; align=&#8220;align_left&#8220; accent_color=&#8220;#606060&#8243;][vc_column_text] CMR-VERSICHERUNG [\/vc_column_text][vc_separator color=&#8220;custom&#8220; align=&#8220;align_left&#8220; accent_color=&#8220;#606060&#8243;][\/vc_column][\/vc_row][vc_row full_width=&#8220;stretch_row&#8220; css_animation=&#8220;none&#8220; css=&#8220;.vc_custom_1643019534541{padding-top: 0px !important;padding-bottom: 0px !important;}&#8220;][vc_column width=&#8220;1\/2&#8243; css=&#8220;.vc_custom_1642761194666{padding-top: 40px !important;}&#8220;][vc_single_image image=&#8220;1100&#8243; img_size=&#8220;full&#8220; alignment=&#8220;center&#8220;][\/vc_column][vc_column width=&#8220;1\/2&#8243; css=&#8220;.vc_custom_1643018208681{padding-top: 40px !important;padding-bottom: 40px !important;}&#8220;][vc_column_text] Der Transportsektor ist besonders anspruchsvoll, weil jeder Kunde, jede Ladung und die Bef\u00f6rderungsart unterschiedlich ist. Wir bieten Versicherungsschutz sowohl w\u00e4hrend des [&hellip;]<\/p>\n","protected":false},"author":1,"featured_media":0,"parent":0,"menu_order":0,"comment_status":"closed","ping_status":"closed","template":"","meta":{"inline_featured_image":false,"footnotes":""},"class_list":["post-1255","page","type-page","status-publish","hentry","entry"],"yoast_head":"<!-- This site is optimized with the Yoast SEO plugin v26.8 - https:\/\/yoast.com\/product\/yoast-seo-wordpress\/ -->\n<title>CMR-VERSICHERUNG - KMG TRANSPORT - \u0394\u03b9\u03b5\u03b8\u03bd\u03b5\u03af\u03c2 &amp; \u0395\u03b8\u03bd\u03b9\u03ba\u03ad\u03c2 \u039f\u03b4\u03b9\u03ba\u03ad\u03c2 \u039c\u03b5\u03c4\u03b1\u03c6\u03bf\u03c1\u03ad\u03c2<\/title>\n<meta name=\"robots\" content=\"index, follow, max-snippet:-1, max-image-preview:large, max-video-preview:-1\" \/>\n<link rel=\"canonical\" href=\"https:\/\/kmg-transport.com\/de\/cmr\/\" \/>\n<meta property=\"og:locale\" content=\"de_DE\" \/>\n<meta property=\"og:type\" content=\"article\" \/>\n<meta property=\"og:title\" content=\"CMR-VERSICHERUNG - KMG TRANSPORT - \u0394\u03b9\u03b5\u03b8\u03bd\u03b5\u03af\u03c2 &amp; \u0395\u03b8\u03bd\u03b9\u03ba\u03ad\u03c2 \u039f\u03b4\u03b9\u03ba\u03ad\u03c2 \u039c\u03b5\u03c4\u03b1\u03c6\u03bf\u03c1\u03ad\u03c2\" \/>\n<meta property=\"og:description\" content=\"[vc_row full_width=&#8220;stretch_row&#8220; css_animation=&#8220;none&#8220;][vc_column css=&#8220;.vc_custom_1642761194666{padding-top: 40px !important;}&#8220;][vc_separator color=&#8220;custom&#8220; align=&#8220;align_left&#8220; accent_color=&#8220;#606060&#8243;][vc_column_text] CMR-VERSICHERUNG [\/vc_column_text][vc_separator color=&#8220;custom&#8220; align=&#8220;align_left&#8220; accent_color=&#8220;#606060&#8243;][\/vc_column][\/vc_row][vc_row full_width=&#8220;stretch_row&#8220; css_animation=&#8220;none&#8220; css=&#8220;.vc_custom_1643019534541{padding-top: 0px !important;padding-bottom: 0px !important;}&#8220;][vc_column width=&#8220;1\/2&#8243; css=&#8220;.vc_custom_1642761194666{padding-top: 40px !important;}&#8220;][vc_single_image image=&#8220;1100&#8243; img_size=&#8220;full&#8220; alignment=&#8220;center&#8220;][\/vc_column][vc_column width=&#8220;1\/2&#8243; css=&#8220;.vc_custom_1643018208681{padding-top: 40px !important;padding-bottom: 40px !important;}&#8220;][vc_column_text] Der Transportsektor ist besonders anspruchsvoll, weil jeder Kunde, jede Ladung und die Bef\u00f6rderungsart unterschiedlich ist. Wir bieten Versicherungsschutz sowohl w\u00e4hrend des [&hellip;]\" \/>\n<meta property=\"og:url\" content=\"https:\/\/kmg-transport.com\/de\/cmr\/\" \/>\n<meta property=\"og:site_name\" content=\"KMG TRANSPORT - \u0394\u03b9\u03b5\u03b8\u03bd\u03b5\u03af\u03c2 &amp; \u0395\u03b8\u03bd\u03b9\u03ba\u03ad\u03c2 \u039f\u03b4\u03b9\u03ba\u03ad\u03c2 \u039c\u03b5\u03c4\u03b1\u03c6\u03bf\u03c1\u03ad\u03c2\" \/>\n<meta property=\"article:modified_time\" content=\"2022-03-04T13:12:49+00:00\" \/>\n<meta name=\"twitter:card\" content=\"summary_large_image\" \/>\n<meta name=\"twitter:label1\" content=\"Gesch\u00e4tzte Lesezeit\" \/>\n\t<meta name=\"twitter:data1\" content=\"3\u00a0Minuten\" \/>\n<script type=\"application\/ld+json\" class=\"yoast-schema-graph\">{\"@context\":\"https:\/\/schema.org\",\"@graph\":[{\"@type\":\"WebPage\",\"@id\":\"https:\/\/kmg-transport.com\/de\/cmr\/\",\"url\":\"https:\/\/kmg-transport.com\/de\/cmr\/\",\"name\":\"CMR-VERSICHERUNG - KMG TRANSPORT - \u0394\u03b9\u03b5\u03b8\u03bd\u03b5\u03af\u03c2 &amp; \u0395\u03b8\u03bd\u03b9\u03ba\u03ad\u03c2 \u039f\u03b4\u03b9\u03ba\u03ad\u03c2 \u039c\u03b5\u03c4\u03b1\u03c6\u03bf\u03c1\u03ad\u03c2\",\"isPartOf\":{\"@id\":\"https:\/\/kmg-transport.com\/#website\"},\"datePublished\":\"2022-03-04T11:20:24+00:00\",\"dateModified\":\"2022-03-04T13:12:49+00:00\",\"breadcrumb\":{\"@id\":\"https:\/\/kmg-transport.com\/de\/cmr\/#breadcrumb\"},\"inLanguage\":\"de\",\"potentialAction\":[{\"@type\":\"ReadAction\",\"target\":[\"https:\/\/kmg-transport.com\/de\/cmr\/\"]}]},{\"@type\":\"BreadcrumbList\",\"@id\":\"https:\/\/kmg-transport.com\/de\/cmr\/#breadcrumb\",\"itemListElement\":[{\"@type\":\"ListItem\",\"position\":1,\"name\":\"\u0391\u03c1\u03c7\u03b9\u03ba\u03ae\",\"item\":\"https:\/\/kmg-transport.com\/de\/\"},{\"@type\":\"ListItem\",\"position\":2,\"name\":\"CMR-VERSICHERUNG\"}]},{\"@type\":\"WebSite\",\"@id\":\"https:\/\/kmg-transport.com\/#website\",\"url\":\"https:\/\/kmg-transport.com\/\",\"name\":\"KMG TRANSPORT - \u0394\u03b9\u03b5\u03b8\u03bd\u03b5\u03af\u03c2 &amp; \u0395\u03b8\u03bd\u03b9\u03ba\u03ad\u03c2 \u039f\u03b4\u03b9\u03ba\u03ad\u03c2 \u039c\u03b5\u03c4\u03b1\u03c6\u03bf\u03c1\u03ad\u03c2\",\"description\":\"\",\"publisher\":{\"@id\":\"https:\/\/kmg-transport.com\/#organization\"},\"potentialAction\":[{\"@type\":\"SearchAction\",\"target\":{\"@type\":\"EntryPoint\",\"urlTemplate\":\"https:\/\/kmg-transport.com\/?s={search_term_string}\"},\"query-input\":{\"@type\":\"PropertyValueSpecification\",\"valueRequired\":true,\"valueName\":\"search_term_string\"}}],\"inLanguage\":\"de\"},{\"@type\":\"Organization\",\"@id\":\"https:\/\/kmg-transport.com\/#organization\",\"name\":\"KMG TRANSPORT\",\"url\":\"https:\/\/kmg-transport.com\/\",\"logo\":{\"@type\":\"ImageObject\",\"inLanguage\":\"de\",\"@id\":\"https:\/\/kmg-transport.com\/#\/schema\/logo\/image\/\",\"url\":\"https:\/\/kmg-transport.com\/wp-content\/uploads\/2022\/01\/kmg-logo-orange.png\",\"contentUrl\":\"https:\/\/kmg-transport.com\/wp-content\/uploads\/2022\/01\/kmg-logo-orange.png\",\"width\":627,\"height\":322,\"caption\":\"KMG TRANSPORT\"},\"image\":{\"@id\":\"https:\/\/kmg-transport.com\/#\/schema\/logo\/image\/\"}}]}<\/script>\n<!-- \/ Yoast SEO plugin. -->","yoast_head_json":{"title":"CMR-VERSICHERUNG - KMG TRANSPORT - \u0394\u03b9\u03b5\u03b8\u03bd\u03b5\u03af\u03c2 &amp; \u0395\u03b8\u03bd\u03b9\u03ba\u03ad\u03c2 \u039f\u03b4\u03b9\u03ba\u03ad\u03c2 \u039c\u03b5\u03c4\u03b1\u03c6\u03bf\u03c1\u03ad\u03c2","robots":{"index":"index","follow":"follow","max-snippet":"max-snippet:-1","max-image-preview":"max-image-preview:large","max-video-preview":"max-video-preview:-1"},"canonical":"https:\/\/kmg-transport.com\/de\/cmr\/","og_locale":"de_DE","og_type":"article","og_title":"CMR-VERSICHERUNG - KMG TRANSPORT - \u0394\u03b9\u03b5\u03b8\u03bd\u03b5\u03af\u03c2 &amp; \u0395\u03b8\u03bd\u03b9\u03ba\u03ad\u03c2 \u039f\u03b4\u03b9\u03ba\u03ad\u03c2 \u039c\u03b5\u03c4\u03b1\u03c6\u03bf\u03c1\u03ad\u03c2","og_description":"[vc_row full_width=&#8220;stretch_row&#8220; css_animation=&#8220;none&#8220;][vc_column css=&#8220;.vc_custom_1642761194666{padding-top: 40px !important;}&#8220;][vc_separator color=&#8220;custom&#8220; align=&#8220;align_left&#8220; accent_color=&#8220;#606060&#8243;][vc_column_text] CMR-VERSICHERUNG [\/vc_column_text][vc_separator color=&#8220;custom&#8220; align=&#8220;align_left&#8220; accent_color=&#8220;#606060&#8243;][\/vc_column][\/vc_row][vc_row full_width=&#8220;stretch_row&#8220; css_animation=&#8220;none&#8220; css=&#8220;.vc_custom_1643019534541{padding-top: 0px !important;padding-bottom: 0px !important;}&#8220;][vc_column width=&#8220;1\/2&#8243; css=&#8220;.vc_custom_1642761194666{padding-top: 40px !important;}&#8220;][vc_single_image image=&#8220;1100&#8243; img_size=&#8220;full&#8220; alignment=&#8220;center&#8220;][\/vc_column][vc_column width=&#8220;1\/2&#8243; css=&#8220;.vc_custom_1643018208681{padding-top: 40px !important;padding-bottom: 40px !important;}&#8220;][vc_column_text] Der Transportsektor ist besonders anspruchsvoll, weil jeder Kunde, jede Ladung und die Bef\u00f6rderungsart unterschiedlich ist. Wir bieten Versicherungsschutz sowohl w\u00e4hrend des [&hellip;]","og_url":"https:\/\/kmg-transport.com\/de\/cmr\/","og_site_name":"KMG TRANSPORT - \u0394\u03b9\u03b5\u03b8\u03bd\u03b5\u03af\u03c2 &amp; \u0395\u03b8\u03bd\u03b9\u03ba\u03ad\u03c2 \u039f\u03b4\u03b9\u03ba\u03ad\u03c2 \u039c\u03b5\u03c4\u03b1\u03c6\u03bf\u03c1\u03ad\u03c2","article_modified_time":"2022-03-04T13:12:49+00:00","twitter_card":"summary_large_image","twitter_misc":{"Gesch\u00e4tzte Lesezeit":"3\u00a0Minuten"},"schema":{"@context":"https:\/\/schema.org","@graph":[{"@type":"WebPage","@id":"https:\/\/kmg-transport.com\/de\/cmr\/","url":"https:\/\/kmg-transport.com\/de\/cmr\/","name":"CMR-VERSICHERUNG - KMG TRANSPORT - \u0394\u03b9\u03b5\u03b8\u03bd\u03b5\u03af\u03c2 &amp; \u0395\u03b8\u03bd\u03b9\u03ba\u03ad\u03c2 \u039f\u03b4\u03b9\u03ba\u03ad\u03c2 \u039c\u03b5\u03c4\u03b1\u03c6\u03bf\u03c1\u03ad\u03c2","isPartOf":{"@id":"https:\/\/kmg-transport.com\/#website"},"datePublished":"2022-03-04T11:20:24+00:00","dateModified":"2022-03-04T13:12:49+00:00","breadcrumb":{"@id":"https:\/\/kmg-transport.com\/de\/cmr\/#breadcrumb"},"inLanguage":"de","potentialAction":[{"@type":"ReadAction","target":["https:\/\/kmg-transport.com\/de\/cmr\/"]}]},{"@type":"BreadcrumbList","@id":"https:\/\/kmg-transport.com\/de\/cmr\/#breadcrumb","itemListElement":[{"@type":"ListItem","position":1,"name":"\u0391\u03c1\u03c7\u03b9\u03ba\u03ae","item":"https:\/\/kmg-transport.com\/de\/"},{"@type":"ListItem","position":2,"name":"CMR-VERSICHERUNG"}]},{"@type":"WebSite","@id":"https:\/\/kmg-transport.com\/#website","url":"https:\/\/kmg-transport.com\/","name":"KMG TRANSPORT - \u0394\u03b9\u03b5\u03b8\u03bd\u03b5\u03af\u03c2 &amp; \u0395\u03b8\u03bd\u03b9\u03ba\u03ad\u03c2 \u039f\u03b4\u03b9\u03ba\u03ad\u03c2 \u039c\u03b5\u03c4\u03b1\u03c6\u03bf\u03c1\u03ad\u03c2","description":"","publisher":{"@id":"https:\/\/kmg-transport.com\/#organization"},"potentialAction":[{"@type":"SearchAction","target":{"@type":"EntryPoint","urlTemplate":"https:\/\/kmg-transport.com\/?s={search_term_string}"},"query-input":{"@type":"PropertyValueSpecification","valueRequired":true,"valueName":"search_term_string"}}],"inLanguage":"de"},{"@type":"Organization","@id":"https:\/\/kmg-transport.com\/#organization","name":"KMG TRANSPORT","url":"https:\/\/kmg-transport.com\/","logo":{"@type":"ImageObject","inLanguage":"de","@id":"https:\/\/kmg-transport.com\/#\/schema\/logo\/image\/","url":"https:\/\/kmg-transport.com\/wp-content\/uploads\/2022\/01\/kmg-logo-orange.png","contentUrl":"https:\/\/kmg-transport.com\/wp-content\/uploads\/2022\/01\/kmg-logo-orange.png","width":627,"height":322,"caption":"KMG TRANSPORT"},"image":{"@id":"https:\/\/kmg-transport.com\/#\/schema\/logo\/image\/"}}]}},"_links":{"self":[{"href":"https:\/\/kmg-transport.com\/de\/wp-json\/wp\/v2\/pages\/1255","targetHints":{"allow":["GET"]}}],"collection":[{"href":"https:\/\/kmg-transport.com\/de\/wp-json\/wp\/v2\/pages"}],"about":[{"href":"https:\/\/kmg-transport.com\/de\/wp-json\/wp\/v2\/types\/page"}],"author":[{"embeddable":true,"href":"https:\/\/kmg-transport.com\/de\/wp-json\/wp\/v2\/users\/1"}],"replies":[{"embeddable":true,"href":"https:\/\/kmg-transport.com\/de\/wp-json\/wp\/v2\/comments?post=1255"}],"version-history":[{"count":5,"href":"https:\/\/kmg-transport.com\/de\/wp-json\/wp\/v2\/pages\/1255\/revisions"}],"predecessor-version":[{"id":1308,"href":"https:\/\/kmg-transport.com\/de\/wp-json\/wp\/v2\/pages\/1255\/revisions\/1308"}],"wp:attachment":[{"href":"https:\/\/kmg-transport.com\/de\/wp-json\/wp\/v2\/media?parent=1255"}],"curies":[{"name":"wp","href":"https:\/\/api.w.org\/{rel}","templated":true}]}}