{"id":1279,"date":"2022-03-04T13:22:39","date_gmt":"2022-03-04T11:22:39","guid":{"rendered":"https:\/\/kmg-transport.com\/?page_id=1279"},"modified":"2024-01-25T13:51:55","modified_gmt":"2024-01-25T11:51:55","slug":"das-unternehmen","status":"publish","type":"page","link":"https:\/\/kmg-transport.com\/de\/das-unternehmen\/","title":{"rendered":"Das Unternehmen"},"content":{"rendered":"<p>[vc_row full_width=&#8220;stretch_row&#8220; css_animation=&#8220;none&#8220; css=&#8220;.vc_custom_1645519933508{padding-top: 20px !important;}&#8220;][vc_column css=&#8220;.vc_custom_1642761194666{padding-top: 40px !important;}&#8220;][vc_separator color=&#8220;custom&#8220; accent_color=&#8220;#606060&#8243;][vc_column_text]<\/p>\n<h3>Das Unternehmen<\/h3>\n<p>[\/vc_column_text][vc_separator color=&#8220;custom&#8220; accent_color=&#8220;#606060&#8243;][vc_row_inner css=&#8220;.vc_custom_1643014326165{padding-top: 60px !important;padding-right: 0px !important;padding-bottom: 0px !important;padding-left: 0px !important;}&#8220;][vc_column_inner width=&#8220;1\/2&#8243; css=&#8220;.vc_custom_1643014309050{padding-top: 0px !important;padding-right: 0px !important;padding-bottom: 0px !important;padding-left: 0px !important;}&#8220;][vc_single_image image=&#8220;1112&#8243; img_size=&#8220;full&#8220; alignment=&#8220;center&#8220; css=&#8220;.vc_custom_1645529165925{padding-right: 5% !important;padding-left: 5% !important;}&#8220;][\/vc_column_inner][vc_column_inner width=&#8220;1\/2&#8243;][vc_column_text css=&#8220;.vc_custom_1646400555520{padding-right: 5% !important;padding-left: 5% !important;}&#8220;]<\/p>\n<h3>Die Familie von Konstantinos Gopis verf\u00fcgt \u00fcber mehr als 30 Jahre Erfahrung im Bereich der Verk\u00e4ufe und Transporte. Wir bieten Bef\u00f6rderungs- und Lagerdienste mit Verantwortungsbewusstsein und Professionalit\u00e4t f\u00fcr jeden unserer Kunden an.<\/h3>\n<p>[\/vc_column_text][vc_separator color=&#8220;custom&#8220; align=&#8220;align_left&#8220; el_width=&#8220;20&#8243; css=&#8220;.vc_custom_1643024587901{padding-left: 5% !important;}&#8220; accent_color=&#8220;#606060&#8243;][vc_column_text css=&#8220;.vc_custom_1646400568704{padding-right: 5% !important;padding-left: 5% !important;}&#8220;]<\/p>\n<h4>Seine Erfahrung macht ihn zu Kenner von Transport und Lagerung empfindlicher und anderer Produkte. Wir m\u00f6chten uns auch im Sektor der schnellen und sicheren Transporte etablieren, um alle Bed\u00fcrfnisse der Kunden abzudecken.<\/h4>\n<h4>Schnell, zuverl\u00e4ssig und immer mit g\u00fcnstigen finanziellen Angeboten f\u00fcr jeden unserer Kunden.<\/h4>\n<p>[\/vc_column_text][vc_btn title=&#8220;ISO39000&#8243; color=&#8220;warning&#8220; link=&#8220;url:https%3A%2F%2Fkmg-transport.com%2Fkmg-iso.jpg|target:_blank&#8220; css=&#8220;.vc_custom_1706183489127{padding-left: 30px !important;}&#8220;][\/vc_column_inner][\/vc_row_inner][vc_row_inner css=&#8220;.vc_custom_1643014326165{padding-top: 60px !important;padding-right: 0px !important;padding-bottom: 0px !important;padding-left: 0px !important;}&#8220;][vc_column_inner width=&#8220;1\/2&#8243; css=&#8220;.vc_custom_1643014309050{padding-top: 0px !important;padding-right: 0px !important;padding-bottom: 0px !important;padding-left: 0px !important;}&#8220;][vc_column_text css=&#8220;.vc_custom_1646400576375{padding-right: 5% !important;padding-left: 5% !important;}&#8220;]<\/p>\n<h3>Das Transportunternehmen KMG TRANSPORT wurde von Konstantinos Gopis als Fortsetzung seiner erfolgreichen Gesellschaft GOPIS IKE (Handel mit Obst und Gem\u00fcse) gegr\u00fcndet.<\/h3>\n<p>[\/vc_column_text][vc_separator color=&#8220;custom&#8220; align=&#8220;align_left&#8220; el_width=&#8220;20&#8243; css=&#8220;.vc_custom_1643024587901{padding-left: 5% !important;}&#8220; accent_color=&#8220;#606060&#8243;][vc_column_text css=&#8220;.vc_custom_1646400591037{padding-right: 5% !important;padding-left: 5% !important;}&#8220;]<\/p>\n<h4>Seine Erfahrung macht ihn zu Kenner von Transport und Lagerung empfindlicher und anderer Produkte. Wir m\u00f6chten uns auch im Sektor der schnellen und sicheren Transporte etablieren, um alle Bed\u00fcrfnisse der Kunden abzudecken.<\/h4>\n<h4>Seine Liebe zum Verkauf und Handel im Allgemeinen brachten ihn auf die ehrgeizige Idee eines Transportunternehmens, das seinen Erwartungen gerecht wurde.<\/h4>\n<h4>Mit LKWs vom neuen Typ EURO 6 und w\u00fcrdigen Mitarbeitern und Fahrern, die f\u00fcr den sicheren Transport unserer Produkte sowie unserer Kunden geeignet sind.<\/h4>\n<h4>Kontaktieren Sie uns f\u00fcr internationale oder nationale Transporte.\u2028Unsere 30 Jahre lange Erfahrung und unsere zufriedenen Kunden sind die Garantie.<\/h4>\n<h4>Rufen Sie uns unter +30 26820 22039 an.<\/h4>\n<p>[\/vc_column_text][vc_btn title=&#8220;Website GKOPIS IKE&#8220; color=&#8220;warning&#8220; link=&#8220;url:https%3A%2F%2Fwww.gkopis.gr%2F|target:_blank&#8220; css=&#8220;.vc_custom_1706183469372{padding-left: 30px !important;}&#8220;][\/vc_column_inner][vc_column_inner width=&#8220;1\/2&#8243;][vc_single_image image=&#8220;1114&#8243; img_size=&#8220;full&#8220; alignment=&#8220;center&#8220; css=&#8220;.vc_custom_1645529157440{padding-right: 5% !important;padding-left: 5% !important;}&#8220;][\/vc_column_inner][\/vc_row_inner][\/vc_column][\/vc_row][vc_row full_width=&#8220;stretch_row&#8220; css_animation=&#8220;none&#8220; css=&#8220;.vc_custom_1643018634370{padding-top: 0px !important;padding-bottom: 60px !important;}&#8220;][vc_column css=&#8220;.vc_custom_1642761194666{padding-top: 40px !important;}&#8220;][vc_separator color=&#8220;custom&#8220; align=&#8220;align_left&#8220; accent_color=&#8220;#606060&#8243; css=&#8220;.vc_custom_1642783672046{margin-top: -20px !important;}&#8220;][vc_masonry_media_grid gap=&#8220;15&#8243; grid_id=&#8220;vc_gid:1706183438738-ad13e9e9-c822-8&#8243; include=&#8220;1114,1112,1070,1072,1074,1076,1084,1118,1120,1122,1124,1126,1128,1138,1140,1080,1142,1130,1132,1134,1136,1078,1144,1062,1088,1407&#8243;][vc_separator color=&#8220;custom&#8220; align=&#8220;align_left&#8220; accent_color=&#8220;#606060&#8243; css=&#8220;.vc_custom_1642783672046{margin-top: -20px !important;}&#8220;][\/vc_column][\/vc_row][vc_row full_width=&#8220;stretch_row&#8220; css_animation=&#8220;none&#8220; css=&#8220;.vc_custom_1643018634370{padding-top: 0px !important;padding-bottom: 60px !important;}&#8220;][vc_column css=&#8220;.vc_custom_1642761194666{padding-top: 40px !important;}&#8220;][vc_column_text]<\/p>\n<h3 style=\"text-align: center;\">Nationale und internationale Transporte in Griechenland.<br \/>\n30 Jahre Erfahrung im Bereich der Verk\u00e4ufe und Transporte!<\/h3>\n<p>[\/vc_column_text][vc_btn title=&#8220;KONTAKT&#8220; style=&#8220;outline-custom&#8220; outline_custom_color=&#8220;#f26829&#8243; outline_custom_hover_background=&#8220;&#8220; outline_custom_hover_text=&#8220;#ffffff&#8220; shape=&#8220;round&#8220; align=&#8220;center&#8220; i_align=&#8220;right&#8220; i_icon_fontawesome=&#8220;fas fa-caret-right&#8220; add_icon=&#8220;true&#8220; link=&#8220;url:https%3A%2F%2Fkmg-transport.com%2Fkontakt%2F%3Flang%3Dde|title:KONTAKT&#8220;][vc_column_text]<\/p>\n<h4 style=\"text-align: center;\">Kontakttelefon: +30 26820 22039<\/h4>\n<p>[\/vc_column_text][\/vc_column][\/vc_row][vc_row full_width=&#8220;stretch_row&#8220; css=&#8220;.vc_custom_1643046958320{margin-top: -45px !important;padding-top: 120px !important;background-color: #ffffff !important;}&#8220;][vc_column][vc_column_text]<\/p>\n<p style=\"text-align: center;\"><strong>K M G\u00a0\u00a0 T R A N S P O R T<\/strong><\/p>\n<h1 style=\"text-align: center;\">Warum sollten Sie sich f\u00fcr uns entscheiden?<\/h1>\n<p>[\/vc_column_text][\/vc_column][\/vc_row][vc_row full_width=&#8220;stretch_row&#8220; css=&#8220;.vc_custom_1643047347692{padding-top: 20px !important;padding-bottom: 120px !important;background-color: #ffffff !important;}&#8220;][vc_column width=&#8220;1\/4&#8243;][vc_single_image image=&#8220;1036&#8243; img_size=&#8220;full&#8220; alignment=&#8220;center&#8220;][vc_column_text]<\/p>\n<p style=\"text-align: center;\"><strong>Hochmoderne Flotte<\/strong><\/p>\n<p>[\/vc_column_text][vc_column_text]<\/p>\n<p style=\"text-align: center;\">Unsere hochmoderne Flotte deckt den Bedarf von Stra\u00dfentransporten von Komplettladungen (FTL) und Teilladungen (LTL) ab.<\/p>\n<p>[\/vc_column_text][\/vc_column][vc_column width=&#8220;1\/4&#8243;][vc_single_image image=&#8220;1044&#8243; img_size=&#8220;full&#8220; alignment=&#8220;center&#8220;][vc_column_text]<\/p>\n<p style=\"text-align: center;\"><strong>Spezialisiertes Personal<\/strong><\/p>\n<p>[\/vc_column_text][vc_column_text]<\/p>\n<p style=\"text-align: center;\">Unser bestens ausgebildetes Personal sorgt f\u00fcr die sichere Entgegennahme, Lagerung und Wiederbeladung Ihrer Waren.<\/p>\n<p>[\/vc_column_text][\/vc_column][vc_column width=&#8220;1\/4&#8243;][vc_single_image image=&#8220;1042&#8243; img_size=&#8220;full&#8220; alignment=&#8220;center&#8220;][vc_column_text]<\/p>\n<p style=\"text-align: center;\"><strong>24-st\u00fcndiger Sicherheitsdienst <\/strong><\/p>\n<p>[\/vc_column_text][vc_column_text]<\/p>\n<p style=\"text-align: center;\">Die Signalempfangszentrale des Wachdienstes, der uns bewacht, arbeitet 24 Stunden am Tag \/ 365 Tage im Jahr.<\/p>\n<p>[\/vc_column_text][\/vc_column][vc_column width=&#8220;1\/4&#8243;][vc_single_image image=&#8220;1040&#8243; img_size=&#8220;full&#8220; alignment=&#8220;center&#8220;][vc_column_text]<\/p>\n<p style=\"text-align: center;\"><strong>Covid Free<\/strong><\/p>\n<p>[\/vc_column_text][vc_column_text]<\/p>\n<p style=\"text-align: center;\">Unsere Menschen &#8211; Mitarbeiter sind vollst\u00e4ndig geimpft und ergreifen alle Pr\u00e4ventions- und Hygienema\u00dfnahmen f\u00fcr den Raum und f\u00fcr die Frachten.<\/p>\n<p>[\/vc_column_text][\/vc_column][\/vc_row][vc_row full_width=&#8220;stretch_row&#8220; css_animation=&#8220;none&#8220; css=&#8220;.vc_custom_1643019530187{padding-top: 60px !important;padding-bottom: 0px !important;}&#8220;][vc_column css=&#8220;.vc_custom_1642761194666{padding-top: 40px !important;}&#8220;][vc_column_text]<\/p>\n<h3>der Stadtplan<\/h3>\n<p>[\/vc_column_text][vc_separator color=&#8220;custom&#8220; align=&#8220;align_left&#8220; accent_color=&#8220;#606060&#8243; css=&#8220;.vc_custom_1642783672046{margin-top: -20px !important;}&#8220;][\/vc_column][\/vc_row][vc_row full_width=&#8220;stretch_row&#8220; css=&#8220;.vc_custom_1643049400437{padding-top: 60px !important;padding-bottom: 60px !important;}&#8220;][vc_column][vc_gmaps link=&#8220;#E-8_JTNDaWZyYW1lJTIwc3JjJTNEJTIyaHR0cHMlM0ElMkYlMkZ3d3cuZ29vZ2xlLmNvbSUyRm1hcHMlMkZlbWJlZCUzRnBiJTNEJTIxMW0xOCUyMTFtMTIlMjExbTMlMjExZDEyNDA2LjAzOTE3MjYyMTgwMiUyMTJkMjAuNzM1NzU1MzUxNjY3ODglMjEzZDM4Ljk4MDg2MDAyMjkyMzg3JTIxMm0zJTIxMWYwJTIxMmYwJTIxM2YwJTIxM20yJTIxMWkxMDI0JTIxMmk3NjglMjE0ZjEzLjElMjEzbTMlMjExbTIlMjExczB4MTM1YzM4Y2Y5ZTViNTg0MyUyNTNBMHhjNTJkZWNhYjgwZWIyNGQ2JTIxMnp6cFBPbXM2ZnpxRE9sODZqSU02YXpxbk9uYzZqenFUT2tjNmR6cVRPbWM2ZHpwX09vdyUyMTVlMCUyMTNtMiUyMTFzZWwlMjEyc2dyJTIxNHYxNjQzMDQ5MTU1Nzk5JTIxNW0yJTIxMXNlbCUyMTJzZ3IlMjIlMjB3aWR0aCUzRCUyMjYwMCUyMiUyMGhlaWdodCUzRCUyMjQ1MCUyMiUyMHN0eWxlJTNEJTIyYm9yZGVyJTNBMCUzQiUyMiUyMGFsbG93ZnVsbHNjcmVlbiUzRCUyMiUyMiUyMGxvYWRpbmclM0QlMjJsYXp5JTIyJTNFJTNDJTJGaWZyYW1lJTNF&#8220;][\/vc_column][\/vc_row][vc_row][vc_column][vc_separator color=&#8220;custom&#8220; align=&#8220;align_left&#8220; accent_color=&#8220;#606060&#8243; css=&#8220;.vc_custom_1642783672046{margin-top: -20px !important;}&#8220;][vc_row_inner css=&#8220;.vc_custom_1643109254341{padding-top: 60px !important;padding-bottom: 60px !important;}&#8220;][vc_column_inner width=&#8220;1\/4&#8243;][vc_single_image image=&#8220;1058&#8243; img_size=&#8220;full&#8220;][\/vc_column_inner][vc_column_inner width=&#8220;1\/4&#8243;][vc_column_text]<\/p>\n<h4>L. Ioanninon 416<\/h4>\n<h4>48100, Preveza, Griechenland<\/h4>\n<p>[\/vc_column_text][\/vc_column_inner][vc_column_inner width=&#8220;1\/4&#8243;][vc_column_text]<\/p>\n<h3>info@kmg-transport.com<\/h3>\n<h4>Tel.: +30 2682022039<\/h4>\n<p>[\/vc_column_text][\/vc_column_inner][vc_column_inner width=&#8220;1\/4&#8243;][vc_btn title=&#8220;Transportformular&#8220; style=&#8220;outline-custom&#8220; outline_custom_color=&#8220;#f26829&#8243; outline_custom_hover_background=&#8220;&#8220; outline_custom_hover_text=&#8220;#ffffff&#8220; shape=&#8220;round&#8220; align=&#8220;right&#8220; i_align=&#8220;right&#8220; i_icon_fontawesome=&#8220;fas fa-caret-right&#8220; add_icon=&#8220;true&#8220; link=&#8220;url:https%3A%2F%2Fkmg-transport.com%2Ftransportformular%2F%3Flang%3Dde|title:Transportformular&#8220;][\/vc_column_inner][\/vc_row_inner][vc_separator color=&#8220;custom&#8220; align=&#8220;align_left&#8220; accent_color=&#8220;#606060&#8243; css=&#8220;.vc_custom_1642783672046{margin-top: -20px !important;}&#8220;][vc_row_inner css=&#8220;.vc_custom_1643109340808{padding-top: 20px !important;padding-bottom: 0px !important;}&#8220;][vc_column_inner width=&#8220;1\/4&#8243;][vc_column_text]<\/p>\n<p style=\"color: #ffffff; font-size: 12px;\">Copyright KMG TRANSPORT<\/p>\n<p>[\/vc_column_text][\/vc_column_inner][vc_column_inner width=&#8220;1\/4&#8243;][\/vc_column_inner][vc_column_inner width=&#8220;1\/4&#8243;][vc_column_text]<a style=\"color: #ffffff; font-size: 12px;\" href=\"https:\/\/kmg-transport.com\/private\">Privacy Policy<\/a>[\/vc_column_text][\/vc_column_inner][vc_column_inner width=&#8220;1\/4&#8243;][vc_column_text]<a style=\"color: #ffffff; font-size: 12px;\" href=\"https:\/\/www.iframe.gr\/\">Design by iframe<\/a>[\/vc_column_text][\/vc_column_inner][\/vc_row_inner][\/vc_column][\/vc_row]<\/p>\n","protected":false},"excerpt":{"rendered":"<p>[vc_row full_width=&#8220;stretch_row&#8220; css_animation=&#8220;none&#8220; css=&#8220;.vc_custom_1645519933508{padding-top: 20px !important;}&#8220;][vc_column css=&#8220;.vc_custom_1642761194666{padding-top: 40px !important;}&#8220;][vc_separator color=&#8220;custom&#8220; accent_color=&#8220;#606060&#8243;][vc_column_text] Das Unternehmen [\/vc_column_text][vc_separator color=&#8220;custom&#8220; accent_color=&#8220;#606060&#8243;][vc_row_inner css=&#8220;.vc_custom_1643014326165{padding-top: 60px !important;padding-right: 0px !important;padding-bottom: 0px !important;padding-left: 0px !important;}&#8220;][vc_column_inner width=&#8220;1\/2&#8243; css=&#8220;.vc_custom_1643014309050{padding-top: 0px !important;padding-right: 0px !important;padding-bottom: 0px !important;padding-left: 0px !important;}&#8220;][vc_single_image image=&#8220;1112&#8243; img_size=&#8220;full&#8220; alignment=&#8220;center&#8220; css=&#8220;.vc_custom_1645529165925{padding-right: 5% !important;padding-left: 5% !important;}&#8220;][\/vc_column_inner][vc_column_inner width=&#8220;1\/2&#8243;][vc_column_text css=&#8220;.vc_custom_1646400555520{padding-right: 5% !important;padding-left: 5% !important;}&#8220;] Die Familie von Konstantinos Gopis verf\u00fcgt [&hellip;]<\/p>\n","protected":false},"author":1,"featured_media":0,"parent":0,"menu_order":0,"comment_status":"closed","ping_status":"closed","template":"","meta":{"inline_featured_image":false,"footnotes":""},"class_list":["post-1279","page","type-page","status-publish","hentry","entry"],"yoast_head":"<!-- This site is optimized with the Yoast SEO plugin v26.8 - https:\/\/yoast.com\/product\/yoast-seo-wordpress\/ -->\n<title>Das Unternehmen - KMG TRANSPORT - \u0394\u03b9\u03b5\u03b8\u03bd\u03b5\u03af\u03c2 &amp; \u0395\u03b8\u03bd\u03b9\u03ba\u03ad\u03c2 \u039f\u03b4\u03b9\u03ba\u03ad\u03c2 \u039c\u03b5\u03c4\u03b1\u03c6\u03bf\u03c1\u03ad\u03c2<\/title>\n<meta name=\"robots\" content=\"index, follow, max-snippet:-1, max-image-preview:large, max-video-preview:-1\" \/>\n<link rel=\"canonical\" href=\"https:\/\/kmg-transport.com\/de\/das-unternehmen\/\" \/>\n<meta property=\"og:locale\" content=\"de_DE\" \/>\n<meta property=\"og:type\" content=\"article\" \/>\n<meta property=\"og:title\" content=\"Das Unternehmen - KMG TRANSPORT - \u0394\u03b9\u03b5\u03b8\u03bd\u03b5\u03af\u03c2 &amp; \u0395\u03b8\u03bd\u03b9\u03ba\u03ad\u03c2 \u039f\u03b4\u03b9\u03ba\u03ad\u03c2 \u039c\u03b5\u03c4\u03b1\u03c6\u03bf\u03c1\u03ad\u03c2\" \/>\n<meta property=\"og:description\" content=\"[vc_row full_width=&#8220;stretch_row&#8220; css_animation=&#8220;none&#8220; css=&#8220;.vc_custom_1645519933508{padding-top: 20px !important;}&#8220;][vc_column css=&#8220;.vc_custom_1642761194666{padding-top: 40px !important;}&#8220;][vc_separator color=&#8220;custom&#8220; accent_color=&#8220;#606060&#8243;][vc_column_text] Das Unternehmen [\/vc_column_text][vc_separator color=&#8220;custom&#8220; accent_color=&#8220;#606060&#8243;][vc_row_inner css=&#8220;.vc_custom_1643014326165{padding-top: 60px !important;padding-right: 0px !important;padding-bottom: 0px !important;padding-left: 0px !important;}&#8220;][vc_column_inner width=&#8220;1\/2&#8243; css=&#8220;.vc_custom_1643014309050{padding-top: 0px !important;padding-right: 0px !important;padding-bottom: 0px !important;padding-left: 0px !important;}&#8220;][vc_single_image image=&#8220;1112&#8243; img_size=&#8220;full&#8220; alignment=&#8220;center&#8220; css=&#8220;.vc_custom_1645529165925{padding-right: 5% !important;padding-left: 5% !important;}&#8220;][\/vc_column_inner][vc_column_inner width=&#8220;1\/2&#8243;][vc_column_text css=&#8220;.vc_custom_1646400555520{padding-right: 5% !important;padding-left: 5% !important;}&#8220;] Die Familie von Konstantinos Gopis verf\u00fcgt [&hellip;]\" \/>\n<meta property=\"og:url\" content=\"https:\/\/kmg-transport.com\/de\/das-unternehmen\/\" \/>\n<meta property=\"og:site_name\" content=\"KMG TRANSPORT - \u0394\u03b9\u03b5\u03b8\u03bd\u03b5\u03af\u03c2 &amp; \u0395\u03b8\u03bd\u03b9\u03ba\u03ad\u03c2 \u039f\u03b4\u03b9\u03ba\u03ad\u03c2 \u039c\u03b5\u03c4\u03b1\u03c6\u03bf\u03c1\u03ad\u03c2\" \/>\n<meta property=\"article:modified_time\" content=\"2024-01-25T11:51:55+00:00\" \/>\n<meta name=\"twitter:card\" content=\"summary_large_image\" \/>\n<meta name=\"twitter:label1\" content=\"Gesch\u00e4tzte Lesezeit\" \/>\n\t<meta name=\"twitter:data1\" content=\"4\u00a0Minuten\" \/>\n<script type=\"application\/ld+json\" class=\"yoast-schema-graph\">{\"@context\":\"https:\/\/schema.org\",\"@graph\":[{\"@type\":\"WebPage\",\"@id\":\"https:\/\/kmg-transport.com\/de\/das-unternehmen\/\",\"url\":\"https:\/\/kmg-transport.com\/de\/das-unternehmen\/\",\"name\":\"Das Unternehmen - KMG TRANSPORT - \u0394\u03b9\u03b5\u03b8\u03bd\u03b5\u03af\u03c2 &amp; \u0395\u03b8\u03bd\u03b9\u03ba\u03ad\u03c2 \u039f\u03b4\u03b9\u03ba\u03ad\u03c2 \u039c\u03b5\u03c4\u03b1\u03c6\u03bf\u03c1\u03ad\u03c2\",\"isPartOf\":{\"@id\":\"https:\/\/kmg-transport.com\/#website\"},\"datePublished\":\"2022-03-04T11:22:39+00:00\",\"dateModified\":\"2024-01-25T11:51:55+00:00\",\"breadcrumb\":{\"@id\":\"https:\/\/kmg-transport.com\/de\/das-unternehmen\/#breadcrumb\"},\"inLanguage\":\"de\",\"potentialAction\":[{\"@type\":\"ReadAction\",\"target\":[\"https:\/\/kmg-transport.com\/de\/das-unternehmen\/\"]}]},{\"@type\":\"BreadcrumbList\",\"@id\":\"https:\/\/kmg-transport.com\/de\/das-unternehmen\/#breadcrumb\",\"itemListElement\":[{\"@type\":\"ListItem\",\"position\":1,\"name\":\"\u0391\u03c1\u03c7\u03b9\u03ba\u03ae\",\"item\":\"https:\/\/kmg-transport.com\/de\/\"},{\"@type\":\"ListItem\",\"position\":2,\"name\":\"Das Unternehmen\"}]},{\"@type\":\"WebSite\",\"@id\":\"https:\/\/kmg-transport.com\/#website\",\"url\":\"https:\/\/kmg-transport.com\/\",\"name\":\"KMG TRANSPORT - \u0394\u03b9\u03b5\u03b8\u03bd\u03b5\u03af\u03c2 &amp; \u0395\u03b8\u03bd\u03b9\u03ba\u03ad\u03c2 \u039f\u03b4\u03b9\u03ba\u03ad\u03c2 \u039c\u03b5\u03c4\u03b1\u03c6\u03bf\u03c1\u03ad\u03c2\",\"description\":\"\",\"publisher\":{\"@id\":\"https:\/\/kmg-transport.com\/#organization\"},\"potentialAction\":[{\"@type\":\"SearchAction\",\"target\":{\"@type\":\"EntryPoint\",\"urlTemplate\":\"https:\/\/kmg-transport.com\/?s={search_term_string}\"},\"query-input\":{\"@type\":\"PropertyValueSpecification\",\"valueRequired\":true,\"valueName\":\"search_term_string\"}}],\"inLanguage\":\"de\"},{\"@type\":\"Organization\",\"@id\":\"https:\/\/kmg-transport.com\/#organization\",\"name\":\"KMG TRANSPORT\",\"url\":\"https:\/\/kmg-transport.com\/\",\"logo\":{\"@type\":\"ImageObject\",\"inLanguage\":\"de\",\"@id\":\"https:\/\/kmg-transport.com\/#\/schema\/logo\/image\/\",\"url\":\"https:\/\/kmg-transport.com\/wp-content\/uploads\/2022\/01\/kmg-logo-orange.png\",\"contentUrl\":\"https:\/\/kmg-transport.com\/wp-content\/uploads\/2022\/01\/kmg-logo-orange.png\",\"width\":627,\"height\":322,\"caption\":\"KMG TRANSPORT\"},\"image\":{\"@id\":\"https:\/\/kmg-transport.com\/#\/schema\/logo\/image\/\"}}]}<\/script>\n<!-- \/ Yoast SEO plugin. -->","yoast_head_json":{"title":"Das Unternehmen - KMG TRANSPORT - \u0394\u03b9\u03b5\u03b8\u03bd\u03b5\u03af\u03c2 &amp; \u0395\u03b8\u03bd\u03b9\u03ba\u03ad\u03c2 \u039f\u03b4\u03b9\u03ba\u03ad\u03c2 \u039c\u03b5\u03c4\u03b1\u03c6\u03bf\u03c1\u03ad\u03c2","robots":{"index":"index","follow":"follow","max-snippet":"max-snippet:-1","max-image-preview":"max-image-preview:large","max-video-preview":"max-video-preview:-1"},"canonical":"https:\/\/kmg-transport.com\/de\/das-unternehmen\/","og_locale":"de_DE","og_type":"article","og_title":"Das Unternehmen - KMG TRANSPORT - \u0394\u03b9\u03b5\u03b8\u03bd\u03b5\u03af\u03c2 &amp; \u0395\u03b8\u03bd\u03b9\u03ba\u03ad\u03c2 \u039f\u03b4\u03b9\u03ba\u03ad\u03c2 \u039c\u03b5\u03c4\u03b1\u03c6\u03bf\u03c1\u03ad\u03c2","og_description":"[vc_row full_width=&#8220;stretch_row&#8220; css_animation=&#8220;none&#8220; css=&#8220;.vc_custom_1645519933508{padding-top: 20px !important;}&#8220;][vc_column css=&#8220;.vc_custom_1642761194666{padding-top: 40px !important;}&#8220;][vc_separator color=&#8220;custom&#8220; accent_color=&#8220;#606060&#8243;][vc_column_text] Das Unternehmen [\/vc_column_text][vc_separator color=&#8220;custom&#8220; accent_color=&#8220;#606060&#8243;][vc_row_inner css=&#8220;.vc_custom_1643014326165{padding-top: 60px !important;padding-right: 0px !important;padding-bottom: 0px !important;padding-left: 0px !important;}&#8220;][vc_column_inner width=&#8220;1\/2&#8243; css=&#8220;.vc_custom_1643014309050{padding-top: 0px !important;padding-right: 0px !important;padding-bottom: 0px !important;padding-left: 0px !important;}&#8220;][vc_single_image image=&#8220;1112&#8243; img_size=&#8220;full&#8220; alignment=&#8220;center&#8220; css=&#8220;.vc_custom_1645529165925{padding-right: 5% !important;padding-left: 5% !important;}&#8220;][\/vc_column_inner][vc_column_inner width=&#8220;1\/2&#8243;][vc_column_text css=&#8220;.vc_custom_1646400555520{padding-right: 5% !important;padding-left: 5% !important;}&#8220;] Die Familie von Konstantinos Gopis verf\u00fcgt [&hellip;]","og_url":"https:\/\/kmg-transport.com\/de\/das-unternehmen\/","og_site_name":"KMG TRANSPORT - \u0394\u03b9\u03b5\u03b8\u03bd\u03b5\u03af\u03c2 &amp; \u0395\u03b8\u03bd\u03b9\u03ba\u03ad\u03c2 \u039f\u03b4\u03b9\u03ba\u03ad\u03c2 \u039c\u03b5\u03c4\u03b1\u03c6\u03bf\u03c1\u03ad\u03c2","article_modified_time":"2024-01-25T11:51:55+00:00","twitter_card":"summary_large_image","twitter_misc":{"Gesch\u00e4tzte Lesezeit":"4\u00a0Minuten"},"schema":{"@context":"https:\/\/schema.org","@graph":[{"@type":"WebPage","@id":"https:\/\/kmg-transport.com\/de\/das-unternehmen\/","url":"https:\/\/kmg-transport.com\/de\/das-unternehmen\/","name":"Das Unternehmen - KMG TRANSPORT - \u0394\u03b9\u03b5\u03b8\u03bd\u03b5\u03af\u03c2 &amp; \u0395\u03b8\u03bd\u03b9\u03ba\u03ad\u03c2 \u039f\u03b4\u03b9\u03ba\u03ad\u03c2 \u039c\u03b5\u03c4\u03b1\u03c6\u03bf\u03c1\u03ad\u03c2","isPartOf":{"@id":"https:\/\/kmg-transport.com\/#website"},"datePublished":"2022-03-04T11:22:39+00:00","dateModified":"2024-01-25T11:51:55+00:00","breadcrumb":{"@id":"https:\/\/kmg-transport.com\/de\/das-unternehmen\/#breadcrumb"},"inLanguage":"de","potentialAction":[{"@type":"ReadAction","target":["https:\/\/kmg-transport.com\/de\/das-unternehmen\/"]}]},{"@type":"BreadcrumbList","@id":"https:\/\/kmg-transport.com\/de\/das-unternehmen\/#breadcrumb","itemListElement":[{"@type":"ListItem","position":1,"name":"\u0391\u03c1\u03c7\u03b9\u03ba\u03ae","item":"https:\/\/kmg-transport.com\/de\/"},{"@type":"ListItem","position":2,"name":"Das Unternehmen"}]},{"@type":"WebSite","@id":"https:\/\/kmg-transport.com\/#website","url":"https:\/\/kmg-transport.com\/","name":"KMG TRANSPORT - \u0394\u03b9\u03b5\u03b8\u03bd\u03b5\u03af\u03c2 &amp; \u0395\u03b8\u03bd\u03b9\u03ba\u03ad\u03c2 \u039f\u03b4\u03b9\u03ba\u03ad\u03c2 \u039c\u03b5\u03c4\u03b1\u03c6\u03bf\u03c1\u03ad\u03c2","description":"","publisher":{"@id":"https:\/\/kmg-transport.com\/#organization"},"potentialAction":[{"@type":"SearchAction","target":{"@type":"EntryPoint","urlTemplate":"https:\/\/kmg-transport.com\/?s={search_term_string}"},"query-input":{"@type":"PropertyValueSpecification","valueRequired":true,"valueName":"search_term_string"}}],"inLanguage":"de"},{"@type":"Organization","@id":"https:\/\/kmg-transport.com\/#organization","name":"KMG TRANSPORT","url":"https:\/\/kmg-transport.com\/","logo":{"@type":"ImageObject","inLanguage":"de","@id":"https:\/\/kmg-transport.com\/#\/schema\/logo\/image\/","url":"https:\/\/kmg-transport.com\/wp-content\/uploads\/2022\/01\/kmg-logo-orange.png","contentUrl":"https:\/\/kmg-transport.com\/wp-content\/uploads\/2022\/01\/kmg-logo-orange.png","width":627,"height":322,"caption":"KMG TRANSPORT"},"image":{"@id":"https:\/\/kmg-transport.com\/#\/schema\/logo\/image\/"}}]}},"_links":{"self":[{"href":"https:\/\/kmg-transport.com\/de\/wp-json\/wp\/v2\/pages\/1279","targetHints":{"allow":["GET"]}}],"collection":[{"href":"https:\/\/kmg-transport.com\/de\/wp-json\/wp\/v2\/pages"}],"about":[{"href":"https:\/\/kmg-transport.com\/de\/wp-json\/wp\/v2\/types\/page"}],"author":[{"embeddable":true,"href":"https:\/\/kmg-transport.com\/de\/wp-json\/wp\/v2\/users\/1"}],"replies":[{"embeddable":true,"href":"https:\/\/kmg-transport.com\/de\/wp-json\/wp\/v2\/comments?post=1279"}],"version-history":[{"count":6,"href":"https:\/\/kmg-transport.com\/de\/wp-json\/wp\/v2\/pages\/1279\/revisions"}],"predecessor-version":[{"id":1410,"href":"https:\/\/kmg-transport.com\/de\/wp-json\/wp\/v2\/pages\/1279\/revisions\/1410"}],"wp:attachment":[{"href":"https:\/\/kmg-transport.com\/de\/wp-json\/wp\/v2\/media?parent=1279"}],"curies":[{"name":"wp","href":"https:\/\/api.w.org\/{rel}","templated":true}]}}